{"id":755,"date":"2013-03-11T11:37:52","date_gmt":"2013-03-11T11:37:52","guid":{"rendered":"http:\/\/esteticavelis.com\/?page_id=755"},"modified":"2014-11-07T10:23:32","modified_gmt":"2014-11-07T10:23:32","slug":"uber-uns","status":"publish","type":"page","link":"https:\/\/esteticavelis.com\/de\/uber-uns\/","title":{"rendered":"\u00dcBER UNS"},"content":{"rendered":"<p><a href=\"https:\/\/esteticavelis.com\/wp-content\/uploads\/2013\/03\/foto-marvelis-2.png.png\"><img loading=\"lazy\" class=\"size-medium wp-image-262 alignleft\" style=\"margin: 0px 20px 0px 0px; border: 0px none;\" alt=\"foto-marvelis-2.png\" src=\"https:\/\/esteticavelis.com\/wp-content\/uploads\/2013\/03\/foto-marvelis-2.png-300x224.png\" width=\"300\" height=\"224\" srcset=\"https:\/\/esteticavelis.com\/wp-content\/uploads\/2013\/03\/foto-marvelis-2.png-300x224.png 300w, https:\/\/esteticavelis.com\/wp-content\/uploads\/2013\/03\/foto-marvelis-2.png-980x734.png 980w, https:\/\/esteticavelis.com\/wp-content\/uploads\/2013\/03\/foto-marvelis-2.png-550x412.png 550w, https:\/\/esteticavelis.com\/wp-content\/uploads\/2013\/03\/foto-marvelis-2.png-100x75.png 100w, https:\/\/esteticavelis.com\/wp-content\/uploads\/2013\/03\/foto-marvelis-2.png.png 1018w\" sizes=\"(max-width: 300px) 100vw, 300px\" \/><\/a><\/p>\n<p>Gegr\u00fcndet von Profis aus den Bereichen Sch\u00f6nheit, Gesundheit und Wellness, um den Kunden jegliche Art von \u00e4sthetischen L\u00f6sungen zu bieten.<br \/>\nMit unseren Behandlungen bieten wir Ihnen schon Ergebnisse ab der ersten Sitzung. Nach der Diagnose planen wir eine individuelle Behandlung unter Anwendung von nat\u00fcrlichen Therapien, da wir auf eine Sch\u00f6nheit setzen, die die Lebensqualit\u00e4t der Menschen verbessert. Bei VELIS Beauty finden Sie die M\u00f6glichkeit, sich sowohl innerlich als auch \u00e4usserlich mit  der Kombination von Effizienz und Balance zu versch\u00f6nern. Um dies zu erreichen, bieten wir Ihnen unsere Erfahrung und Professionalit\u00e4t als auch eine breite Palette von Angeboten und Produkten. Kurzum: wir widmen unsere Arbeit Ihnen, um Ihre Erwartungen zu erf\u00fcllen, da wir L\u00f6sungen f\u00fcr Ihre \u00e4sthetischen Probleme anbieten, die f\u00fcr Komfort, Lebensqualit\u00e4t und erstaunliche Ergebnisse sorgen&#8230;<br \/>\nBei VELIS Beauty k\u00fcmmern wir uns um Sie.<\/p>\n","protected":false},"excerpt":{"rendered":"<p>Gegr\u00fcndet von Profis aus den Bereichen Sch\u00f6nheit, Gesundheit und Wellness, um den Kunden jegliche Art von \u00e4sthetischen L\u00f6sungen zu bieten&#8230;.<\/p>\n","protected":false},"author":1,"featured_media":0,"parent":0,"menu_order":0,"comment_status":"open","ping_status":"open","template":"","meta":{"_links_to":"","_links_to_target":""},"_links":{"self":[{"href":"https:\/\/esteticavelis.com\/de\/wp-json\/wp\/v2\/pages\/755"}],"collection":[{"href":"https:\/\/esteticavelis.com\/de\/wp-json\/wp\/v2\/pages"}],"about":[{"href":"https:\/\/esteticavelis.com\/de\/wp-json\/wp\/v2\/types\/page"}],"author":[{"embeddable":true,"href":"https:\/\/esteticavelis.com\/de\/wp-json\/wp\/v2\/users\/1"}],"replies":[{"embeddable":true,"href":"https:\/\/esteticavelis.com\/de\/wp-json\/wp\/v2\/comments?post=755"}],"version-history":[{"count":8,"href":"https:\/\/esteticavelis.com\/de\/wp-json\/wp\/v2\/pages\/755\/revisions"}],"predecessor-version":[{"id":1073,"href":"https:\/\/esteticavelis.com\/de\/wp-json\/wp\/v2\/pages\/755\/revisions\/1073"}],"wp:attachment":[{"href":"https:\/\/esteticavelis.com\/de\/wp-json\/wp\/v2\/media?parent=755"}],"curies":[{"name":"wp","href":"https:\/\/api.w.org\/{rel}","templated":true}]}}