{"id":966,"date":"2013-03-11T11:37:21","date_gmt":"2013-03-11T11:37:21","guid":{"rendered":"http:\/\/esteticavelis.com\/?page_id=966"},"modified":"2014-09-30T10:18:23","modified_gmt":"2014-09-30T10:18:23","slug":"produkte","status":"publish","type":"page","link":"https:\/\/esteticavelis.com\/de\/produkte\/","title":{"rendered":"PRODUKTE"},"content":{"rendered":"<p>En Est\u00e9tica Velis disponemos de un gran cat\u00e1logo de productos de cosm\u00e9tica ecol\u00f3gica y biol\u00f3gica certificado por ECOCERT<\/p>\n<p><strong> ALQVIMIA <\/strong>L\u00ednea cosm\u00e9tica ecol\u00f3gica de alta gama con ingredientes elaborados artesanalmente seg\u00fan tradicionales f\u00f3rmulas alqu\u00edmicas en en una mas\u00eda de Girona rodeada de cultivos ecol\u00f3gicos. <\/p>\n","protected":false},"excerpt":{"rendered":"<p>En Est\u00e9tica Velis disponemos de un gran cat\u00e1logo de productos de cosm\u00e9tica ecol\u00f3gica y biol\u00f3gica certificado por ECOCERT ALQVIMIA L\u00ednea&#8230;<\/p>\n","protected":false},"author":1,"featured_media":0,"parent":0,"menu_order":0,"comment_status":"open","ping_status":"open","template":"template-blog.php","meta":{"_links_to":"","_links_to_target":""},"_links":{"self":[{"href":"https:\/\/esteticavelis.com\/de\/wp-json\/wp\/v2\/pages\/966"}],"collection":[{"href":"https:\/\/esteticavelis.com\/de\/wp-json\/wp\/v2\/pages"}],"about":[{"href":"https:\/\/esteticavelis.com\/de\/wp-json\/wp\/v2\/types\/page"}],"author":[{"embeddable":true,"href":"https:\/\/esteticavelis.com\/de\/wp-json\/wp\/v2\/users\/1"}],"replies":[{"embeddable":true,"href":"https:\/\/esteticavelis.com\/de\/wp-json\/wp\/v2\/comments?post=966"}],"version-history":[{"count":2,"href":"https:\/\/esteticavelis.com\/de\/wp-json\/wp\/v2\/pages\/966\/revisions"}],"predecessor-version":[{"id":968,"href":"https:\/\/esteticavelis.com\/de\/wp-json\/wp\/v2\/pages\/966\/revisions\/968"}],"wp:attachment":[{"href":"https:\/\/esteticavelis.com\/de\/wp-json\/wp\/v2\/media?parent=966"}],"curies":[{"name":"wp","href":"https:\/\/api.w.org\/{rel}","templated":true}]}}