{"id":970,"date":"2013-02-07T12:40:39","date_gmt":"2013-02-07T12:40:39","guid":{"rendered":"http:\/\/esteticavelis.com\/?page_id=970"},"modified":"2014-10-01T08:23:36","modified_gmt":"2014-10-01T08:23:36","slug":"angebote","status":"publish","type":"page","link":"https:\/\/esteticavelis.com\/de\/angebote\/","title":{"rendered":"Angebote"},"content":{"rendered":"<p>Disponemos de una amplia gama de servicios y soluciones est\u00e9ticas realizados por nuestros profesionales. Con nuestros servicios encontrar\u00e1 la posibilidad de mejorar, por dentro y por fuera, combinando eficacia y equilibrio. Nuestra misi\u00f3n es conseguir los resultados m\u00e1s \u00a1espectaculares!<\/p>\n","protected":false},"excerpt":{"rendered":"<p>Disponemos de una amplia gama de servicios y soluciones est\u00e9ticas realizados por nuestros profesionales. Con nuestros servicios encontrar\u00e1 la posibilidad&#8230;<\/p>\n","protected":false},"author":1,"featured_media":780,"parent":0,"menu_order":0,"comment_status":"open","ping_status":"open","template":"template-portfolio.php","meta":{"_links_to":"","_links_to_target":""},"_links":{"self":[{"href":"https:\/\/esteticavelis.com\/de\/wp-json\/wp\/v2\/pages\/970"}],"collection":[{"href":"https:\/\/esteticavelis.com\/de\/wp-json\/wp\/v2\/pages"}],"about":[{"href":"https:\/\/esteticavelis.com\/de\/wp-json\/wp\/v2\/types\/page"}],"author":[{"embeddable":true,"href":"https:\/\/esteticavelis.com\/de\/wp-json\/wp\/v2\/users\/1"}],"replies":[{"embeddable":true,"href":"https:\/\/esteticavelis.com\/de\/wp-json\/wp\/v2\/comments?post=970"}],"version-history":[{"count":5,"href":"https:\/\/esteticavelis.com\/de\/wp-json\/wp\/v2\/pages\/970\/revisions"}],"predecessor-version":[{"id":1057,"href":"https:\/\/esteticavelis.com\/de\/wp-json\/wp\/v2\/pages\/970\/revisions\/1057"}],"wp:featuredmedia":[{"embeddable":true,"href":"https:\/\/esteticavelis.com\/de\/wp-json\/wp\/v2\/media\/780"}],"wp:attachment":[{"href":"https:\/\/esteticavelis.com\/de\/wp-json\/wp\/v2\/media?parent=970"}],"curies":[{"name":"wp","href":"https:\/\/api.w.org\/{rel}","templated":true}]}}