{"id":206,"date":"2013-03-11T11:38:02","date_gmt":"2013-03-11T11:38:02","guid":{"rendered":"http:\/\/esteticavelis.com\/?page_id=206"},"modified":"2019-08-19T11:43:17","modified_gmt":"2019-08-19T11:43:17","slug":"contact","status":"publish","type":"page","link":"https:\/\/esteticavelis.com\/en\/contact\/","title":{"rendered":"Contacto"},"content":{"rendered":"<p style=\"width: 585px; text-align: justify;\">Si tiene alguna duda, necesita realizar una consulta o reservar hora para su pr\u00f3xima cita puede ponerse en contacto en nuestro tel\u00e9fono de atenci\u00f3n o envi\u00e1ndonos un mensaje de correo electr\u00f3nico.<\/p>\n<div style=\"background-color: #e6d4e6; float: left; margin-right: 20px; padding: 20px 30px 0; -moz-border-radius: 5px; -webkit-border-radius: 5px; border-radius: 5px; width: 42%; height: 522px;\"><div role=\"form\" class=\"wpcf7\" id=\"wpcf7-f1117-o1\" lang=\"en-US\" dir=\"ltr\">\n<div class=\"screen-reader-response\"><p role=\"status\" aria-live=\"polite\" aria-atomic=\"true\"><\/p> <ul><\/ul><\/div>\n<form action=\"\/en\/wp-json\/wp\/v2\/pages\/206#wpcf7-f1117-o1\" method=\"post\" class=\"wpcf7-form init\" novalidate=\"novalidate\" data-status=\"init\">\n<div style=\"display: none;\">\n<input type=\"hidden\" name=\"_wpcf7\" value=\"1117\" \/>\n<input type=\"hidden\" name=\"_wpcf7_version\" value=\"5.6.3\" \/>\n<input type=\"hidden\" name=\"_wpcf7_locale\" value=\"en_US\" \/>\n<input type=\"hidden\" name=\"_wpcf7_unit_tag\" value=\"wpcf7-f1117-o1\" \/>\n<input type=\"hidden\" name=\"_wpcf7_container_post\" value=\"0\" \/>\n<input type=\"hidden\" name=\"_wpcf7_posted_data_hash\" value=\"\" \/>\n<input type=\"hidden\" name=\"_wpcf7_recaptcha_response\" value=\"\" \/>\n<\/div>\n<p><label> Your Name (required)<br \/>\n    <span class=\"wpcf7-form-control-wrap\" data-name=\"your-name\"><input type=\"text\" name=\"your-name\" value=\"\" size=\"40\" class=\"wpcf7-form-control wpcf7-text wpcf7-validates-as-required\" aria-required=\"true\" aria-invalid=\"false\" \/><\/span> <\/label><\/p>\n<p><label> Your Email (required)<br \/>\n    <span class=\"wpcf7-form-control-wrap\" data-name=\"your-email\"><input type=\"email\" name=\"your-email\" value=\"\" size=\"40\" class=\"wpcf7-form-control wpcf7-text wpcf7-email wpcf7-validates-as-required wpcf7-validates-as-email\" aria-required=\"true\" aria-invalid=\"false\" \/><\/span> <\/label><\/p>\n<p><label> Subject<br \/>\n    <span class=\"wpcf7-form-control-wrap\" data-name=\"your-subject\"><input type=\"text\" name=\"your-subject\" value=\"\" size=\"40\" class=\"wpcf7-form-control wpcf7-text\" aria-invalid=\"false\" \/><\/span> <\/label><\/p>\n<p><label> Your Message<br \/>\n    <span class=\"wpcf7-form-control-wrap\" data-name=\"your-message\"><textarea name=\"your-message\" cols=\"40\" rows=\"10\" class=\"wpcf7-form-control wpcf7-textarea\" aria-invalid=\"false\"><\/textarea><\/span> <\/label><\/p>\n<p><input type=\"submit\" value=\"Send\" class=\"wpcf7-form-control has-spinner wpcf7-submit\" \/><\/p>\n<div class=\"wpcf7-response-output\" aria-hidden=\"true\"><\/div><\/form><\/div><\/div>\n<div style=\"background-color: #e6d4e6; -moz-border-radius: 5px; -webkit-border-radius: 5px; border-radius: 5px; float: left; padding: 20px 30px; width: 37%;\"><span class=\"contact_widget_name\"><strong>Hotel Saratoga<\/strong><\/span><br \/>\n<span class=\"contact_widget_address\">Paseo Mallorca, 6,<\/span><br \/>\n<span class=\"contact_widget_statezip\"> 07012 Palma de Mallorca<\/span><br \/>\n<span class=\"contact_widget_phone\">tel. + 34 871 232 470 <\/span><br \/>\n<span class=\"contact_widget_phone\">mov. + 34 606 389 069 <\/span><br \/>\n<span class=\"contact_widget_email\"><a class=\"email_widget\" href=\"mailto:info@clinicaideo.com\">esteticavelis@esteticavelis.com<\/a><\/span><br \/>\n<span class=\"contact_widget_name\">Lunes a s\u00e1bado: 09:30h.\/19:00h.<\/span><br \/>\n<span class=\"contact_widget_statezip\">Domingos: A petici\u00f3n. <\/span><\/div>\n<div style=\"background-color: #e6d4e6; -moz-border-radius: 5px; -webkit-border-radius: 5px; border-radius: 5px; float: left; margin-top: 20px; padding: 20px 30px; width: 37%;\"><span class=\"contact_widget_name\"><strong>Palacio Ca sa Galesa<\/strong><\/span><br \/>\n<span class=\"contact_widget_address\">Miramar, 8 <\/span><br \/>\n<span class=\"contact_widget_statezip\"> 07001 Palma de Mallorca<\/span><br \/>\n<span class=\"contact_widget_phone\">tel. + 34 871 232 470 <\/span><br \/>\n<span class=\"contact_widget_phone\">mov. + 34 606 389 069 <\/span><br \/>\n<span class=\"contact_widget_email\"><a class=\"email_widget\" href=\"mailto:info@clinicaideo.com\">esteticavelis@esteticavelis.com<\/a><\/span><br \/>\n<span class=\"contact_widget_name\">Lunes a domingo: 09:30h.\/20:00h.<\/span><br \/>\n<span class=\"contact_widget_statezip\">Solicite cita previa. <\/span><\/div>\n<div style=\"background-color: #e6d4e6; -moz-border-radius: 5px; -webkit-border-radius: 5px; border-radius: 5px; float: left; margin-top: 20px; padding: 20px 30px; width: 37%;\"><span class=\"contact_widget_name\"><strong>Cap Vermell Beach Hotel<\/strong><\/span><br \/>\n<span class=\"contact_widget_address\">Pla\u00e7a de ses Vegues, 1,<\/span><br \/>\n<span class=\"contact_widget_statezip\"> Canyamel<\/span><br \/>\n<span class=\"contact_widget_phone\">tel. + 34 871 232 470 <\/span><br \/>\n<span class=\"contact_widget_phone\">mov. + 34 606 389 069 <\/span><br \/>\n<span class=\"contact_widget_email\"><a class=\"email_widget\" href=\"mailto:info@clinicaideo.com\">esteticavelis@esteticavelis.com<\/a><\/span><br \/>\n<span class=\"contact_widget_name\">Lunes a s\u00e1bado: 09:30h.\/19:00h.<\/span><br \/>\n<span class=\"contact_widget_statezip\">Domingos: A petici\u00f3n. <\/span><\/div>\n<div style=\"background-color: #e6d4e6; border-radius: 5px 5px 5px 5px; float: left; margin-top: -130px; padding: 20px; width: 45%;\"><span class=\"contact_widget_phone\">Ver mapa m\u00e1s grande<\/span><br \/>\n<a style=\"color: #0000ff; text-align: left;\" href=\"https:\/\/maps.google.es\/maps?client=firefox-a&amp;channel=s&amp;hl=es&amp;q=clinica+ideo&amp;ie=UTF8&amp;hq=clinica+ideo&amp;hnear=Palma,+Islas+Baleares&amp;t=m&amp;z=14&amp;iwloc=A&amp;cid=5966747770715433514&amp;ll=39.569016,2.630935&amp;output=embed\"><br \/>\n<img loading=\"lazy\" id=\"contentImg\" style=\"margin-top: 0px;\" title=\"image_map\" src=\"http:\/\/www.clinicaideo.com\/wp-content\/uploads\/2012\/10\/image_map2.png\" alt=\"\" width=\"380\" height=\"130\" \/><br \/>\n<\/a><\/div>\n","protected":false},"excerpt":{"rendered":"<p>Si tiene alguna duda, necesita realizar una consulta o reservar hora para su pr\u00f3xima cita puede ponerse en contacto en&#8230;<\/p>\n","protected":false},"author":1,"featured_media":0,"parent":0,"menu_order":0,"comment_status":"open","ping_status":"open","template":"","meta":{"_links_to":"","_links_to_target":""},"_links":{"self":[{"href":"https:\/\/esteticavelis.com\/en\/wp-json\/wp\/v2\/pages\/206"}],"collection":[{"href":"https:\/\/esteticavelis.com\/en\/wp-json\/wp\/v2\/pages"}],"about":[{"href":"https:\/\/esteticavelis.com\/en\/wp-json\/wp\/v2\/types\/page"}],"author":[{"embeddable":true,"href":"https:\/\/esteticavelis.com\/en\/wp-json\/wp\/v2\/users\/1"}],"replies":[{"embeddable":true,"href":"https:\/\/esteticavelis.com\/en\/wp-json\/wp\/v2\/comments?post=206"}],"version-history":[{"count":13,"href":"https:\/\/esteticavelis.com\/en\/wp-json\/wp\/v2\/pages\/206\/revisions"}],"predecessor-version":[{"id":1118,"href":"https:\/\/esteticavelis.com\/en\/wp-json\/wp\/v2\/pages\/206\/revisions\/1118"}],"wp:attachment":[{"href":"https:\/\/esteticavelis.com\/en\/wp-json\/wp\/v2\/media?parent=206"}],"curies":[{"name":"wp","href":"https:\/\/api.w.org\/{rel}","templated":true}]}}