{"id":210,"date":"2013-03-11T11:37:52","date_gmt":"2013-03-11T11:37:52","guid":{"rendered":"http:\/\/esteticavelis.com\/?page_id=210"},"modified":"2014-11-07T10:30:16","modified_gmt":"2014-11-07T10:30:16","slug":"about-us","status":"publish","type":"page","link":"https:\/\/esteticavelis.com\/en\/about-us\/","title":{"rendered":"About Us"},"content":{"rendered":"<p><a href=\"https:\/\/esteticavelis.com\/wp-content\/uploads\/2013\/03\/foto-marvelis-2.png.png\"><img loading=\"lazy\" class=\"size-medium wp-image-262 alignleft\" style=\"margin: 0px 20px 0px 0px; border: 0px none;\" alt=\"foto-marvelis-2.png\" src=\"https:\/\/esteticavelis.com\/wp-content\/uploads\/2013\/03\/foto-marvelis-2.png-300x224.png\" width=\"300\" height=\"224\" srcset=\"https:\/\/esteticavelis.com\/wp-content\/uploads\/2013\/03\/foto-marvelis-2.png-300x224.png 300w, https:\/\/esteticavelis.com\/wp-content\/uploads\/2013\/03\/foto-marvelis-2.png-980x734.png 980w, https:\/\/esteticavelis.com\/wp-content\/uploads\/2013\/03\/foto-marvelis-2.png-550x412.png 550w, https:\/\/esteticavelis.com\/wp-content\/uploads\/2013\/03\/foto-marvelis-2.png-100x75.png 100w, https:\/\/esteticavelis.com\/wp-content\/uploads\/2013\/03\/foto-marvelis-2.png.png 1018w\" sizes=\"(max-width: 300px) 100vw, 300px\" \/><\/a><\/p>\n<p>Todo esto en ingl\u00e9s: Constituida por grandes profesionales del mundo de la est\u00e9tica, salud y bienestar con el fin de proporcionar a sus clientes todo tipo de soluciones est\u00e9ticas.<br \/>\nCon nuestros tratamientos ofrecemos resultados desde la primera sesi\u00f3n. A partir de un diagn\u00f3stico, planificamos un tratamiento personalizado, utilizando terapias naturales ya que apostamos por una est\u00e9tica que mejore la calidad de vida.<br \/>\nEn Est\u00e9tica VELIS encontrar\u00e1 la posibilidad de mejorar, por dentro y por fuera, cualquier parte de su cuerpo, combinando eficacia y equilibrio.<br \/>\nPara lograrlo ponemos a tu disposici\u00f3n nuestra experiencia y profesionalidad y una amplia gama de servicios y productos.<br \/>\nEn definitiva: nuestro trabajo va dedicado a responder a tus expectativas, puesto que ofrecemos resultados a tus problemas est\u00e9ticos, proporcion\u00e1ndote comodidad, calidad de vida y unos resultados asombrosos&#8230;<br \/>\nEn Est\u00e9tica VELIS Cuidamos de ti.<\/p>\n","protected":false},"excerpt":{"rendered":"<p>Todo esto en ingl\u00e9s: Constituida por grandes profesionales del mundo de la est\u00e9tica, salud y bienestar con el fin de&#8230;<\/p>\n","protected":false},"author":1,"featured_media":0,"parent":0,"menu_order":0,"comment_status":"open","ping_status":"open","template":"","meta":{"_links_to":"","_links_to_target":""},"_links":{"self":[{"href":"https:\/\/esteticavelis.com\/en\/wp-json\/wp\/v2\/pages\/210"}],"collection":[{"href":"https:\/\/esteticavelis.com\/en\/wp-json\/wp\/v2\/pages"}],"about":[{"href":"https:\/\/esteticavelis.com\/en\/wp-json\/wp\/v2\/types\/page"}],"author":[{"embeddable":true,"href":"https:\/\/esteticavelis.com\/en\/wp-json\/wp\/v2\/users\/1"}],"replies":[{"embeddable":true,"href":"https:\/\/esteticavelis.com\/en\/wp-json\/wp\/v2\/comments?post=210"}],"version-history":[{"count":4,"href":"https:\/\/esteticavelis.com\/en\/wp-json\/wp\/v2\/pages\/210\/revisions"}],"predecessor-version":[{"id":1077,"href":"https:\/\/esteticavelis.com\/en\/wp-json\/wp\/v2\/pages\/210\/revisions\/1077"}],"wp:attachment":[{"href":"https:\/\/esteticavelis.com\/en\/wp-json\/wp\/v2\/media?parent=210"}],"curies":[{"name":"wp","href":"https:\/\/api.w.org\/{rel}","templated":true}]}}