{"id":213,"date":"2013-03-11T11:37:21","date_gmt":"2013-03-11T11:37:21","guid":{"rendered":"http:\/\/esteticavelis.com\/?page_id=213"},"modified":"2014-09-30T10:18:12","modified_gmt":"2014-09-30T10:18:12","slug":"our-products","status":"publish","type":"page","link":"https:\/\/esteticavelis.com\/en\/our-products\/","title":{"rendered":"Our products"},"content":{"rendered":"<p><strong>En Est\u00e9tica Velis disponemos de un gran cat\u00e1logo de productos de cosm\u00e9tica ecol\u00f3gica y biol\u00f3gica certificado por ECOCERT <\/strong><\/p>\n<ul>\n<li><img alt=\"\" src=\"https:\/\/esteticavelis.com\/wp-content\/uploads\/2013\/06\/leche-desmaquillante1.jpg\" \/><br \/>\n<h5>LECHE DESMAQULLANTE<\/h5>\n<p>Limpia suavemente la piel de los restos de maquillaje e impurezas. Calma, relaja e hidrata la piel en profundidad: Sin parabenos, colorantes y perfumes de s\u00edntesi. No testado en animales.* <a title=\"Leche desmaquillante\" href=\"https:\/\/esteticavelis.com\/productos\/leche-desmaquillante\/\"> M\u00e1s info.<\/a><\/li>\n<\/ul>\n","protected":false},"excerpt":{"rendered":"<p>En Est\u00e9tica Velis disponemos de un gran cat\u00e1logo de productos de cosm\u00e9tica ecol\u00f3gica y biol\u00f3gica certificado por ECOCERT LECHE DESMAQULLANTE&#8230;<\/p>\n","protected":false},"author":1,"featured_media":0,"parent":0,"menu_order":0,"comment_status":"open","ping_status":"open","template":"template-blog.php","meta":{"_links_to":"","_links_to_target":""},"_links":{"self":[{"href":"https:\/\/esteticavelis.com\/en\/wp-json\/wp\/v2\/pages\/213"}],"collection":[{"href":"https:\/\/esteticavelis.com\/en\/wp-json\/wp\/v2\/pages"}],"about":[{"href":"https:\/\/esteticavelis.com\/en\/wp-json\/wp\/v2\/types\/page"}],"author":[{"embeddable":true,"href":"https:\/\/esteticavelis.com\/en\/wp-json\/wp\/v2\/users\/1"}],"replies":[{"embeddable":true,"href":"https:\/\/esteticavelis.com\/en\/wp-json\/wp\/v2\/comments?post=213"}],"version-history":[{"count":6,"href":"https:\/\/esteticavelis.com\/en\/wp-json\/wp\/v2\/pages\/213\/revisions"}],"predecessor-version":[{"id":1054,"href":"https:\/\/esteticavelis.com\/en\/wp-json\/wp\/v2\/pages\/213\/revisions\/1054"}],"wp:attachment":[{"href":"https:\/\/esteticavelis.com\/en\/wp-json\/wp\/v2\/media?parent=213"}],"curies":[{"name":"wp","href":"https:\/\/api.w.org\/{rel}","templated":true}]}}